{"id":128,"date":"2015-02-22T09:14:22","date_gmt":"2015-02-22T08:14:22","guid":{"rendered":"http:\/\/wanderkid.eu\/?page_id=128"},"modified":"2016-03-10T20:47:19","modified_gmt":"2016-03-10T18:47:19","slug":"eine-wanderung-zum-bruennstein-1619-im-mangfallgebirge-bei-kiefersfelden","status":"publish","type":"page","link":"https:\/\/wanderkid.eu\/?page_id=128","title":{"rendered":"Eine Wanderung zum Br\u00fcnnstein (1619) im Mangfallgebirge bei Kiefersfelden"},"content":{"rendered":"<p>04.06.2011<\/p>\n<p>Es ist Freitagabend, ich bin am Rucksack packen als die ersten Zweifel kamen, warum hatte ich den Mund so voll genommen? Gegen\u00fcber meinen Frauen, gegen\u00fcber meiner Mutter, im Forum? Wusste ich nicht mehr was das letzte Mal passierte? Abbruch 200 Meter unter dem Gipfel, ich hatte die besten Gr\u00fcnde: Es hat geregnet, der Weg und die Stiefel waren schmierig, die Sicht gleich Null.<br \/>\nAber der Hauptgrund war ganz bestimmt meine H\u00f6henangst, mein Coming-Out sollte sp\u00e4ter in diesem Jahr kommen&#8230; Doch zur\u00fcck zum Freitag, Immer wieder diese Frage, warum. Wandern k\u00f6nnte ich auch auf der Alb und das ganz ohne Stress, keine Diskussionen \u00fcber fr\u00fches Aufstehen.<br \/>\nIch muss ehrlich gestehen, ich war \u00fcberrascht. Meine Frauen waren ohne Probleme, ohne Geschrei und nicht jugendfreier Ausdr\u00fccke um 5:00 beim Fr\u00fchst\u00fcck. Ich war schon ein bisschen fr\u00fcher auf, Fr\u00fchst\u00fcck machen, Kater f\u00fcttern, Auto fertig laden usw.<br \/>\nDie Fahrt 5:30 ab dauerte 3 Stunden. Es waren 3 einsame Stunden am Steuer, alles schlief, nur die Gedanken im Kopf rasten. Warum tue ich mir das an?<br \/>\nAm Parkplatz beim Restaurant Buchau ( der Parkplatz ist 1,5km vor der Ortschaft) angekommen wurden die Stiefel geschn\u00fcrt und die Rucks\u00e4cke geschultert. Meine Frauen hatten den k\u00fcrzesten Weg auf der Karte rausgesucht, steil 670 hm hoch. Die Zeit war mit 2 Stunden angegeben, aber ich dachte nicht, dass wir diese Zeit einhalten w\u00fcrden. Aus einem Almweg wurde ein Waldweg, dann ein Wanderweg, immer steil nach oben, teilweise verschlammt, ohne Sicht. Das Wetter war gut, die Sonne war seit M\u00fcnchen weg, aber es war warm und schw\u00fcl, ungef\u00e4hr 20 Grad, sodass wir in k\u00fcrzester Zeit nassgeschwitzt waren, trotz Netzr\u00fcckseite am Rucksack, trotz Funktionskleidung.<br \/>\nZu meiner gr\u00f6\u00dften \u00dcberraschung waren wir genau nach 2 Stunden oben an der H\u00fctte, jetzt sollte es aber noch mal 300 hm nach oben gehen, Zeitvorgabe war 40 Minuten.<br \/>\nIch will es kurz machen, nach 40 Minuten waren wir oben. Wie, kann ich nicht genau sagen, ich bin sogar zum Fotografieren angehalten. Am Gipfel ging es zu wie in Schw\u00e4bisch Gm\u00fcnd auf dem Weihnachtsmarkt, also sind wir nicht lange verweilt, sondern \u00fcber den Normalweg wieder abgestiegen. Ein sch\u00f6ner, steiler Bergweg ohne gro\u00dfe Schwierigkeiten brachte uns in 45 Minuten zur\u00fcck zum Br\u00fcnnsteinhaus, wo wir erst mal einen Einkehrschwung machten. Wurstsalat, Kuchen, Bier und Skiwasser schmeckten im \u201esch\u00f6nsten\u201c Biergarten Bayerns ausgezeichnet.<br \/>\n<a id=\"attachment1060\" href=\"http:\/\/www.wanderforum.de\/attachment.php?attachmentid=1060&amp;d=1307216923\" target=\"_blank\" rel=\"Lightbox_98341\"><img class=\"thumbnail\" title=\"Klicken Sie auf die Grafik f\u00fcr eine gr\u00f6\u00dfere Ansicht\u00a0&lt;\/p&gt;&lt;br \/&gt;&lt;br \/&gt;&lt;br \/&gt;&lt;br \/&gt;&lt;br \/&gt; &lt;p&gt;Name: dscf4728.jpg\u00a0&lt;br \/&gt;&lt;br \/&gt;&lt;br \/&gt;&lt;br \/&gt;&lt;br \/&gt;&lt;br \/&gt; Hits: 24\u00a0&lt;br \/&gt;&lt;br \/&gt;&lt;br \/&gt;&lt;br \/&gt;&lt;br \/&gt;&lt;br \/&gt; Gr\u00f6\u00dfe: 34,0 KB\u00a0&lt;br \/&gt;&lt;br \/&gt;&lt;br \/&gt;&lt;br \/&gt;&lt;br \/&gt;&lt;br \/&gt; ID: 1060\" src=\"http:\/\/www.wanderforum.de\/attachment.php?attachmentid=1060&amp;d=1307216923&amp;thumb=1\" alt=\"Klicken Sie auf die Grafik f\u00fcr eine gr\u00f6\u00dfere Ansicht\u00a0&lt;\/p&gt;&lt;br \/&gt;&lt;br \/&gt;&lt;br \/&gt;&lt;br \/&gt;&lt;br \/&gt; &lt;p&gt;Name: dscf4728.jpg\u00a0&lt;br \/&gt;&lt;br \/&gt;&lt;br \/&gt;&lt;br \/&gt;&lt;br \/&gt;&lt;br \/&gt; Hits: 24\u00a0&lt;br \/&gt;&lt;br \/&gt;&lt;br \/&gt;&lt;br \/&gt;&lt;br \/&gt;&lt;br \/&gt; Gr\u00f6\u00dfe: 34,0 KB\u00a0&lt;br \/&gt;&lt;br \/&gt;&lt;br \/&gt;&lt;br \/&gt;&lt;br \/&gt;&lt;br \/&gt; ID: 1060\" border=\"0\" \/><\/a><br \/>\nAufgestiegen waren wir den Weg 652, zur\u00fcck sollte es \u00fcber 657, 654 und 655 gehen, ungef\u00e4hr 2,5 Stunden. Zuerst war es ein Bergpfad, der sich durch einen steilen Berghang schl\u00e4ngelte, zwar schmal, aber mit sch\u00f6nen Ausblicken. Sp\u00e4ter wurde es dann der Wirtschaftsweg zu verschiedenen Almen.<br \/>\nWir kamen nach 2 Stunden wieder am Auto an, das versprochene Gewitter wollte nicht kommen, trotz dem Wolkenaufbau den wir vom Br\u00fcnnstein-Gipfel beobachten konnten. Jetzt noch kurz nach \u00d6sterreich zum tanken und dann auf der Autobahn zur\u00fcck nach Hause.<br \/>\n620km, 6Stunden Autofahrt, ungef\u00e4hr 1000 H\u00f6henmeter, gewandert in 5,5 stunden reiner Gehzeit, 7,5 Stunden mit Pausen, perfektes Wetter, ein gelungener Tag.<\/p>\n<p>Bilder gibt es unter diesem <a href=\"http:\/\/bilder.martinstotz.de\/2011\/Br-nnstein-zum-2\" target=\"_blank\" rel=\"nofollow\"><b><i>Link<\/i><\/b><\/a><\/p>\n<p>Gru\u00df Martin<\/p>\n","protected":false},"excerpt":{"rendered":"<p>04.06.2011 Es ist Freitagabend, ich bin am Rucksack packen als die ersten Zweifel kamen, warum hatte ich den Mund so voll genommen? Gegen\u00fcber meinen Frauen, gegen\u00fcber meiner Mutter, im Forum? <a href=\"https:\/\/wanderkid.eu\/?page_id=128\" class=\"more-link\">[&hellip;]<\/a><\/p>\n","protected":false},"author":1,"featured_media":0,"parent":110,"menu_order":4,"comment_status":"open","ping_status":"open","template":"","meta":{"Layout":""},"_links":{"self":[{"href":"https:\/\/wanderkid.eu\/index.php?rest_route=\/wp\/v2\/pages\/128"}],"collection":[{"href":"https:\/\/wanderkid.eu\/index.php?rest_route=\/wp\/v2\/pages"}],"about":[{"href":"https:\/\/wanderkid.eu\/index.php?rest_route=\/wp\/v2\/types\/page"}],"author":[{"embeddable":true,"href":"https:\/\/wanderkid.eu\/index.php?rest_route=\/wp\/v2\/users\/1"}],"replies":[{"embeddable":true,"href":"https:\/\/wanderkid.eu\/index.php?rest_route=%2Fwp%2Fv2%2Fcomments&post=128"}],"version-history":[{"count":8,"href":"https:\/\/wanderkid.eu\/index.php?rest_route=\/wp\/v2\/pages\/128\/revisions"}],"predecessor-version":[{"id":788,"href":"https:\/\/wanderkid.eu\/index.php?rest_route=\/wp\/v2\/pages\/128\/revisions\/788"}],"up":[{"embeddable":true,"href":"https:\/\/wanderkid.eu\/index.php?rest_route=\/wp\/v2\/pages\/110"}],"wp:attachment":[{"href":"https:\/\/wanderkid.eu\/index.php?rest_route=%2Fwp%2Fv2%2Fmedia&parent=128"}],"curies":[{"name":"wp","href":"https:\/\/api.w.org\/{rel}","templated":true}]}}