{"id":178,"date":"2015-02-26T20:22:43","date_gmt":"2015-02-26T19:22:43","guid":{"rendered":"http:\/\/wanderkid.eu\/?page_id=178"},"modified":"2016-03-10T20:53:37","modified_gmt":"2016-03-10T18:53:37","slug":"wandern-im-stubai-oder-mancher-lernt-es-nie","status":"publish","type":"page","link":"https:\/\/wanderkid.eu\/?page_id=178","title":{"rendered":"Wandern im Stubai oder mancher lernt es nie."},"content":{"rendered":"<p>06.08.2011<\/p>\n<p>Es war Freitagmorgen, der Wetterbericht f\u00fcr das Wochenende f\u00fcr S\u00f6lden war \u00e4u\u00dferst bescheiden. Ich habe dann verschiedene Online-Prognosen, Wetterbericht von ORF und Bergwetterberichte von den Alpenvereinen zusammengemischt und einen f\u00fcr mich passenden &#8222;zusammengebastelt&#8220;.<br \/>\nSamstag morgen bew\u00f6lkt, nachmittags Regen, Sonntag vormittags bew\u00f6lkt mit Schauern und nachmittags Starkregen, ach ja Schneefallgrenze 3400m und bei 300m 6\u00b0. Meine Frau hatte wieder mal ihre Zweifel.<br \/>\nArbeiten bis 22:30, nach Hause, etwas Essen und Duschen. Soll ich oder soll ich nicht, das ist hier die Frage. Der Wecker klingel um 4:30, Abfahrt um 5:00, Fr\u00fchst\u00fcck bestand wieder mal nur aus Kaffee. bis zum Fernpass kein Regen, kurz tanken, Brotzeit einnehmen und weiter Richtung \u00d6tztal. Der letzte Bus, der uns zum Gasthof Fiegl bringen sollte, geht um 10. Also Zeit genug um einen Parkplatz zu suchen. Im Parkhaus der Giggijochbahn kann man umsonst parken, auch mehrere Tage, allerdings nur im Sommer. Der Bus kam 5 Minuten nach 10 und war voll. An der Haltestelle stand eine ganze Gruppe, also wollte der Fahrer eine Sonderfahrt einlegen, wir mussten nur 35 Minuten warten. Die Busfahrt w\u00fcrde uns 2 Stunden und 300 hm einsparen. Bei Rucks\u00e4cken von 7 und 12 Kilo war es eine leichte Entscheidung.<br \/>\nWunder \u00fcber Wunder, es scheint die Sonne. Gesicht, Ohren und Arme eincremen und schon kann es um 11:00 losgehen.<\/p>\n<figure id=\"attachment_198\" aria-describedby=\"caption-attachment-198\" style=\"width: 648px\" class=\"wp-caption aligncenter\"><a href=\"https:\/\/wanderkid.eu\/wp-content\/uploads\/2015\/02\/b6a429074ef8ff81f7fc0a012638862d.jpg\"><img loading=\"lazy\" class=\" wp-image-198 size-large\" src=\"https:\/\/wanderkid.eu\/wp-content\/uploads\/2015\/02\/b6a429074ef8ff81f7fc0a012638862d-1024x768.jpg\" alt=\"3 Stunden? Ein Klacks\" width=\"648\" height=\"486\" srcset=\"https:\/\/wanderkid.eu\/wp-content\/uploads\/2015\/02\/b6a429074ef8ff81f7fc0a012638862d-1024x768.jpg 1024w, https:\/\/wanderkid.eu\/wp-content\/uploads\/2015\/02\/b6a429074ef8ff81f7fc0a012638862d-300x225.jpg 300w, https:\/\/wanderkid.eu\/wp-content\/uploads\/2015\/02\/b6a429074ef8ff81f7fc0a012638862d.jpg 2048w\" sizes=\"(max-width: 648px) 100vw, 648px\" \/><\/a><figcaption id=\"caption-attachment-198\" class=\"wp-caption-text\">3 Stunden? Ein Klacks<\/figcaption><\/figure>\n<p>Der Weg ging zuerst der Windach entlang, langsam aber stetig nach oben, bis zum Materiallift der Hildesheimer H\u00fctte, da gibt es den Ludwig Aschenbrennerweg und den Gaiskarweg. Wir nahmen den Gaiskarweg, da ich im Glauben war, dass es der leichtere sei.<\/p>\n<figure id=\"attachment_199\" aria-describedby=\"caption-attachment-199\" style=\"width: 648px\" class=\"wp-caption aligncenter\"><a href=\"https:\/\/wanderkid.eu\/wp-content\/uploads\/2015\/02\/8bf91244477bc8274e9cc92d7c9c841c.jpg\"><img loading=\"lazy\" class=\"wp-image-199 size-large\" src=\"https:\/\/wanderkid.eu\/wp-content\/uploads\/2015\/02\/8bf91244477bc8274e9cc92d7c9c841c-1024x768.jpg\" alt=\"Tanja will mal wieder alles ganz genau sehen\" width=\"648\" height=\"486\" srcset=\"https:\/\/wanderkid.eu\/wp-content\/uploads\/2015\/02\/8bf91244477bc8274e9cc92d7c9c841c-1024x768.jpg 1024w, https:\/\/wanderkid.eu\/wp-content\/uploads\/2015\/02\/8bf91244477bc8274e9cc92d7c9c841c-300x225.jpg 300w, https:\/\/wanderkid.eu\/wp-content\/uploads\/2015\/02\/8bf91244477bc8274e9cc92d7c9c841c.jpg 2048w\" sizes=\"(max-width: 648px) 100vw, 648px\" \/><\/a><figcaption id=\"caption-attachment-199\" class=\"wp-caption-text\">Tanja will mal wieder alles ganz genau sehen<\/figcaption><\/figure>\n<figure id=\"attachment_200\" aria-describedby=\"caption-attachment-200\" style=\"width: 648px\" class=\"wp-caption aligncenter\"><a href=\"https:\/\/wanderkid.eu\/wp-content\/uploads\/2015\/02\/4b7b78e6f9f1376fd37dacf4b49c69e1.jpg\"><img loading=\"lazy\" class=\"wp-image-200 size-large\" src=\"https:\/\/wanderkid.eu\/wp-content\/uploads\/2015\/02\/4b7b78e6f9f1376fd37dacf4b49c69e1-1024x768.jpg\" alt=\"Tanja ist auch am Zweifeln\" width=\"648\" height=\"486\" srcset=\"https:\/\/wanderkid.eu\/wp-content\/uploads\/2015\/02\/4b7b78e6f9f1376fd37dacf4b49c69e1-1024x768.jpg 1024w, https:\/\/wanderkid.eu\/wp-content\/uploads\/2015\/02\/4b7b78e6f9f1376fd37dacf4b49c69e1-300x225.jpg 300w, https:\/\/wanderkid.eu\/wp-content\/uploads\/2015\/02\/4b7b78e6f9f1376fd37dacf4b49c69e1.jpg 2048w\" sizes=\"(max-width: 648px) 100vw, 648px\" \/><\/a><figcaption id=\"caption-attachment-200\" class=\"wp-caption-text\">Tanja ist auch am Zweifeln<\/figcaption><\/figure>\n<p>Der weg ist sch\u00f6n schmal und steil, aber jetzt nicht sehr problematisch. Bis zur H\u00fctte sollten uns, nachdem wir den Bach verlassen hatten, nur noch 4 Personen begegnen. Um ungef\u00e4hr 12:30 sahen wir die H\u00fctte zum ersten Mal und dieser Anblick verschlug sogar mir den Atem. Es waren jetzt noch ungef\u00e4hr 500 H\u00f6henmeter, aber wo ging der Weg?<br \/>\nZu allem \u00dcbel zogen die Wolken zu und es wurde merklich k\u00e4lter. Also hie\u00df es Gas geben und durchstarten. Es war ein mittelschwerer Bergpfad, der sich und Felsw\u00e4nden entlang nach oben schl\u00e4ngelte.Spielende Murmeltiere waren die einzigen Tiere au\u00dfer Dohlen, die wir zu Gesicht bekamen.<br \/>\nDie ganze Zeit schien die H\u00fctte nicht n\u00e4her zu kommen, aber um 14:30 auf 2899m an, Lager zuweisen lassen, ein Wei\u00dfbier bestellen und noch ein bischen auf der Terrasse sitzen. Der Ausblick, obwohl die Sicht nicht besonders war, ist gewaltig. Sollten wir noch den \u00dcbungsklettersteig machen oder nicht? Das Wetter sah nicht verlockend au, w\u00fcrden wir im Steig vom Regen \u00fcberrascht? Nicht sehr w\u00fcnschenswert, aber 2 Kg Klettergurte, Klettersteigsets und Helme nur so zum Spa\u00df spazieren tragen? Die Tr\u00e4gheit siegte, Man ist ja nicht mehr der J\u00fcngste, wie mal ein Forumsmitglied sagte, au\u00dferdem ich muss niemand mehr etwas beweisen und es wurde zunehmend windiger und k\u00e4lter , ungef\u00e4hr 10\u00b0. Also rein in die gute Stube, der Kachelofen war angeworfen und es war gem\u00fctlich warm. Ungef\u00e4hr um 16:40 fing es auch endlich zum Regnen an, aber nur f\u00fcr 5 Minuten.Noch ein Bier und eine hei\u00dfe Schokolade f\u00fcr meine Frau und kurze Zeit sp\u00e4ter gab es etwas zum Essen. Fl\u00e4dles-Suppe, Schmorfleisch mit Reis und Tiramisu liessen wir uns wohl schmecken. Das Essen war schmackhaft und reichlich. Nach einem kurzen Verdauungsspaziergang mit 100 m nach unten zum H\u00fcttensee und wieder zur\u00fcck liegen wir um 21:00 im Lager.<\/p>\n<figure id=\"attachment_201\" aria-describedby=\"caption-attachment-201\" style=\"width: 648px\" class=\"wp-caption aligncenter\"><a href=\"https:\/\/wanderkid.eu\/wp-content\/uploads\/2015\/02\/2f966b4970336a8261d704984085ada2.jpg\"><img loading=\"lazy\" class=\"wp-image-201 size-large\" src=\"https:\/\/wanderkid.eu\/wp-content\/uploads\/2015\/02\/2f966b4970336a8261d704984085ada2-1024x768.jpg\" alt=\"Abendstimmung\" width=\"648\" height=\"486\" srcset=\"https:\/\/wanderkid.eu\/wp-content\/uploads\/2015\/02\/2f966b4970336a8261d704984085ada2-1024x768.jpg 1024w, https:\/\/wanderkid.eu\/wp-content\/uploads\/2015\/02\/2f966b4970336a8261d704984085ada2-300x225.jpg 300w, https:\/\/wanderkid.eu\/wp-content\/uploads\/2015\/02\/2f966b4970336a8261d704984085ada2.jpg 2048w\" sizes=\"(max-width: 648px) 100vw, 648px\" \/><\/a><figcaption id=\"caption-attachment-201\" class=\"wp-caption-text\">Abendstimmung<\/figcaption><\/figure>\n<figure id=\"attachment_202\" aria-describedby=\"caption-attachment-202\" style=\"width: 648px\" class=\"wp-caption aligncenter\"><a href=\"https:\/\/wanderkid.eu\/wp-content\/uploads\/2015\/02\/97be4a037b0ce63a1dbc3fccd187728e.jpg\"><img loading=\"lazy\" class=\"wp-image-202 size-large\" src=\"https:\/\/wanderkid.eu\/wp-content\/uploads\/2015\/02\/97be4a037b0ce63a1dbc3fccd187728e-1024x768.jpg\" alt=\"Meine Nerven, die Frau treibt mich in den Wahnsinn\" width=\"648\" height=\"486\" srcset=\"https:\/\/wanderkid.eu\/wp-content\/uploads\/2015\/02\/97be4a037b0ce63a1dbc3fccd187728e-1024x768.jpg 1024w, https:\/\/wanderkid.eu\/wp-content\/uploads\/2015\/02\/97be4a037b0ce63a1dbc3fccd187728e-300x225.jpg 300w, https:\/\/wanderkid.eu\/wp-content\/uploads\/2015\/02\/97be4a037b0ce63a1dbc3fccd187728e.jpg 2048w\" sizes=\"(max-width: 648px) 100vw, 648px\" \/><\/a><figcaption id=\"caption-attachment-202\" class=\"wp-caption-text\">Meine Nerven, die Frau treibt mich in den Wahnsinn<\/figcaption><\/figure>\n<p>Nach einer fast ruhigen Nacht bin ich um sieben Uhr aufgestanden. Waschen mit eiskaltem Wasser, warmes gibt es nicht (das soll ein Lob und keine Beschwerde sein) raus auf die Terrasse. Es war neblig und kalt 6\u00b0 bei fallendem Barometer. Das Fr\u00fchst\u00fcck war gut, 3 verschiedene Wurstsorten, K\u00e4se, Honig, 2verschiedene Marmeladen, M\u00fcsli, Cornflakes, Fruchtsalat dazu Joghurt oder Milch.<br \/>\nDann musste die gro\u00dfe Frage gekl\u00e4rt werden, wie es jetzt weitergehen soll.<br \/>\nEs standen 4 Alternativen zur Verf\u00fcgung.<br \/>\n1.) Warten und hoffen dass es Abtrocknet, dann durch den klettersteig und \u00fcber den Ludwig Aschenbrennerweg absteigen. Zeit: Klettersteig 30 Minuten, Abstieg 2 1\/2stunden. Was dann?<br \/>\n2.) \u00dcbers Gamssplatzl zur Siegerl\u00e4nder H\u00fctte von dort runter zum Gasthof Fiegl. Zeit: 6 \u00bd bis 7 Stunden, zeitlich machbar, schwerer Bergweg, fast kein Zeitspielraum, letzter Bus um 17:30. Bei diesem Wetter eher nicht.<br \/>\n3.) \u00dcber die Hochstubai H\u00fctte und dann zum Gasthof Fiegl. Zeit 8-9 Stunden, aber noch 800 H\u00f6henmeter dazu, schwerer Bergweg, ich muss auch noch nach Hause fahren. Also ganz klar Nein<br \/>\n4.) Den gleichen Weg wie Variante 3 nur nicht die letzte 500 H\u00f6henmeter zur Hochstubai H\u00fctte aufsteigen sondern direkt nach unten zum Gasthof.<br \/>\nEs sollte die 4. werden, noch mal den H\u00fcttenwirt \u00fcber Weg, Markierungen, Zeit und Wetter ausgefragt. Fleecepulli unter den Jacken, Handschuhe und Stirnb\u00e4nder angezogen und los ging es. Zuerst nach oben. Wege mit Seilversicherungen und Eisentritte. Die Wege waren schmal und aufregend. Bei ungef\u00e4hr 3000m sahen wir zum ersten Mal den Gletscher(Gaiskarferner) vor uns. Anfangs ging es noch gut, Schneeauflage und flach, aber dann wurde es steiler und Blankeis. Zuerst haben wir die Wanderst\u00f6cke ausprobiert, aber das Eis war so hart, da\u00df der Halt nur minimal war, Also zu was schleife ich Steigeisen mit mir? Es hie\u00df anschnallen, dann ging es wesentlich besser. Bei ungef\u00e4hr 3100 Meter waren wir an der h\u00f6chsten Stelle angekommen. Es war kalt -2\u00b0, b\u00f6iger Wind und die Sicht war bescheiden. Die Wasserteilchen in den Wolken f\u00fchlten sich an wie Hagel, also schnell nach unten.<br \/>\nJetzt ging es den Windacher Ferner nach unten. Am Ende des Gletscher Steigeisen ab und ein M\u00fcsliriegel als Doping eingeschoben. Ach ja Skigebiete sehen im Sommer wie Mondlandschaften aus, vielleicht lag es am Wetter?<\/p>\n<figure id=\"attachment_203\" aria-describedby=\"caption-attachment-203\" style=\"width: 648px\" class=\"wp-caption aligncenter\"><a href=\"https:\/\/wanderkid.eu\/wp-content\/uploads\/2015\/02\/0006de036208a80a0eaf20cc8f6322f6.jpg\"><img loading=\"lazy\" class=\"wp-image-203 size-large\" src=\"https:\/\/wanderkid.eu\/wp-content\/uploads\/2015\/02\/0006de036208a80a0eaf20cc8f6322f6-1024x768.jpg\" alt=\"\u00dcber Blankeis die Skipiste hoch\" width=\"648\" height=\"486\" srcset=\"https:\/\/wanderkid.eu\/wp-content\/uploads\/2015\/02\/0006de036208a80a0eaf20cc8f6322f6-1024x768.jpg 1024w, https:\/\/wanderkid.eu\/wp-content\/uploads\/2015\/02\/0006de036208a80a0eaf20cc8f6322f6-300x225.jpg 300w, https:\/\/wanderkid.eu\/wp-content\/uploads\/2015\/02\/0006de036208a80a0eaf20cc8f6322f6.jpg 2048w\" sizes=\"(max-width: 648px) 100vw, 648px\" \/><\/a><figcaption id=\"caption-attachment-203\" class=\"wp-caption-text\">\u00dcber Blankeis die Skipiste hoch<\/figcaption><\/figure>\n<p>Der Weg ist jetzt ein halber Klettersteig, Versichert immer wieder Trittstufen, schmal, steil, schmierig, nass und es ging an der einen Seite steil nach unten. Die H\u00e4nde wurden schon \u00f6fters benutzt. Es ging runter in das Warenkar bis auf 2540m. Der Weg wurde jetzt leichter und wir mussten wieder 200 H\u00f6henmeter aufsteigen, bis wir unterhalb des Seekar-Sees auf den Weg Gasthof Fiegl zur Hochstubai H\u00fctte stie\u00dfen. Hier machten wir Brotzeit und weil es jetzt anfing stark zu regnen, liessen wir keine Zeit verstreichen und beeilten uns die letzten 900H\u00f6henmeter nach unten zu kommen. Der Weg war jetzt eigentlich sehr sch\u00f6n und w\u00e4re bestimmt reizvoll, aber bei Starkregen werden die Sinne abgeschaltet und man gibt Gas. Nach 4 Stunden 45 Minuten mit Pausen erreichten wir das Gasthaus Fiegl. Eine warme Suppe und ein Bier und dann auf den Bus warten.<br \/>\nZur\u00fcck nach S\u00f6lden, Fahrt \u00fcber den Fernpass, tanken, Reutte, A7 um 7:30 endlich in Gm\u00fcnd. Auto ausladen und schon war ein Wochenende vorbei.<br \/>\nEin Fazit:<br \/>\n1.) 1350 H\u00f6henmeter, insgesamt 8 \u00bd Stunden in den Beinen.<br \/>\n2.) Eine H\u00fctte, die zu den sch\u00f6nsten und bestgef\u00fchrten geh\u00f6rt, die ich gesehen habe<br \/>\n3.) Schon wieder wurde die Urlaubsplanung \u00fcber den Haufen geworfen.<br \/>\n4.) Die Tanke auf dem Fernpass ist immer noch die billigste.<br \/>\n5.) Etwas zum Nachdenken: 1 Weizenbier auf der Hildesheimer H\u00fctte 3,70\u20ac , Anlieferung mit Gel\u00e4ndewagen und Gep\u00e4cklift.<br \/>\nDas gleiche Bier im Gasthof Fiegl 3,80\u20ac Anlieferung mit Klein-LKW oder Lieferwagen m\u00f6glich<br \/>\nBevor jetzt die Frage kommt, ob es nicht etwas leichtsinnig und unverantwortlich war und ist, einen unbekannten Weg auf 3000 meter bei diesen Wetterbedingungen zu gehen. Ich denke nein. Unsere Ausr\u00fcstung, wenn auch nicht High-Price, ist gut, Wir sind eigentlich erfahren genug und waren immer in der Lage rationale Entscheidungen zu treffen. Klar gab es einen Punkt nachdem eine Umkehr schwierig oder nicht mehr vern\u00fcnftig, das war im Warenkar, von da an mussten wir einfach durch. Trotz meiner H\u00f6henangst, trotz Tanja&#8217;s Knieprobleme waren wir nie in einer Situation, die uns vor Probleme stellte.<br \/>\nAu\u00dfer eins: ich bin mit den Steigeisen in meiner Hose h\u00e4ngengeblieben und brauche jetzt eine Neue, leider haben die Discounter zur Zeit keine im Angebot, ich muss wohl in den sauren Apfel bei\u00dfen<img class=\"inlineimg\" title=\"Gro\u00dfes L\u00e4cheln\" src=\"http:\/\/www.wanderforum.de\/images\/smilies\/biggrin.gif\" alt=\"\" border=\"0\" \/>. Seit 2006 habe ich jetzt das Ding und nun das.<\/p>\n<p>Fotos gibt es jetzt auch. Viel Spass beim Anschauen: <a href=\"http:\/\/bilder.martinstotz.de\/2011\/Hildesheimer-H-tte\" target=\"_blank\"><b><i>Link<\/i><\/b><\/a><\/p>\n<p>Gru\u00df Martin<\/p>\n","protected":false},"excerpt":{"rendered":"<p>06.08.2011 Es war Freitagmorgen, der Wetterbericht f\u00fcr das Wochenende f\u00fcr S\u00f6lden war \u00e4u\u00dferst bescheiden. Ich habe dann verschiedene Online-Prognosen, Wetterbericht von ORF und Bergwetterberichte von den Alpenvereinen zusammengemischt und einen <a href=\"https:\/\/wanderkid.eu\/?page_id=178\" class=\"more-link\">[&hellip;]<\/a><\/p>\n","protected":false},"author":1,"featured_media":0,"parent":110,"menu_order":7,"comment_status":"open","ping_status":"open","template":"","meta":{"Layout":""},"_links":{"self":[{"href":"https:\/\/wanderkid.eu\/index.php?rest_route=\/wp\/v2\/pages\/178"}],"collection":[{"href":"https:\/\/wanderkid.eu\/index.php?rest_route=\/wp\/v2\/pages"}],"about":[{"href":"https:\/\/wanderkid.eu\/index.php?rest_route=\/wp\/v2\/types\/page"}],"author":[{"embeddable":true,"href":"https:\/\/wanderkid.eu\/index.php?rest_route=\/wp\/v2\/users\/1"}],"replies":[{"embeddable":true,"href":"https:\/\/wanderkid.eu\/index.php?rest_route=%2Fwp%2Fv2%2Fcomments&post=178"}],"version-history":[{"count":5,"href":"https:\/\/wanderkid.eu\/index.php?rest_route=\/wp\/v2\/pages\/178\/revisions"}],"predecessor-version":[{"id":791,"href":"https:\/\/wanderkid.eu\/index.php?rest_route=\/wp\/v2\/pages\/178\/revisions\/791"}],"up":[{"embeddable":true,"href":"https:\/\/wanderkid.eu\/index.php?rest_route=\/wp\/v2\/pages\/110"}],"wp:attachment":[{"href":"https:\/\/wanderkid.eu\/index.php?rest_route=%2Fwp%2Fv2%2Fmedia&parent=178"}],"curies":[{"name":"wp","href":"https:\/\/api.w.org\/{rel}","templated":true}]}}