{"id":182,"date":"2015-02-26T20:06:59","date_gmt":"2015-02-26T19:06:59","guid":{"rendered":"http:\/\/wanderkid.eu\/?page_id=182"},"modified":"2015-02-26T20:06:59","modified_gmt":"2015-02-26T19:06:59","slug":"wanderung-am-pfingstsonntag-um-dornbirn","status":"publish","type":"page","link":"https:\/\/wanderkid.eu\/?page_id=182","title":{"rendered":"Wanderung am Pfingstsonntag um Dornbirn"},"content":{"rendered":"<p>23.05.10<br \/>\nDer Wecker Klingelt um 5 Uhr, Aufstehen, Duschen, Z\u00e4hne putzen (Rasieren schenke ich mir heute), Fr\u00fchst\u00fcck bereiten, 2!! Weibliche Wesen,die eigentlich Langschl\u00e4fer sind, wecken(Die Worte , die ich h\u00f6ren musste, sind leider nicht Jugendfrei und sollen hier nicht zitiert werden<img class=\"inlineimg\" title=\"Gro\u00dfes L\u00e4cheln\" src=\"http:\/\/www.wanderforum.de\/images\/smilies\/biggrin.gif\" alt=\"\" border=\"0\" \/>).<br \/>\n6:15 Abfahrt nach 194Km und 2Std 15 min sind wir an der Talstation der Karren-Seilbahn. Stiefel anziehen, Rucks\u00e4cke auf den R\u00fccken, Ticket kaufen es kann losgehen und es geht los.<\/p>\n<p><a href=\"https:\/\/wanderkid.eu\/wp-content\/uploads\/2015\/02\/23.05-Dornbirn-003.jpg\"><img loading=\"lazy\" class=\"  wp-image-192 aligncenter\" src=\"https:\/\/wanderkid.eu\/wp-content\/uploads\/2015\/02\/23.05-Dornbirn-003-300x225.jpg\" alt=\"23.05-Dornbirn 003\" width=\"505\" height=\"379\" srcset=\"https:\/\/wanderkid.eu\/wp-content\/uploads\/2015\/02\/23.05-Dornbirn-003-300x225.jpg 300w, https:\/\/wanderkid.eu\/wp-content\/uploads\/2015\/02\/23.05-Dornbirn-003-1024x768.jpg 1024w, https:\/\/wanderkid.eu\/wp-content\/uploads\/2015\/02\/23.05-Dornbirn-003.jpg 2048w\" sizes=\"(max-width: 505px) 100vw, 505px\" \/><\/a><br \/>\nOben angekommen sehen wir ein Schild mit 1 1\/4 Std nach Schuttannen. Es geht auf guten Wegen zuerst durch Wald und dann \u00fcber Almen nach Schuttannen. Nicole sieht von Ferne diesen Gasthof und geht los wie eine Kugel.<br \/>\nWir schaffen den Weg in 1 Stunde und das Bier dort schmeckte mir ausgezeichnet.<br \/>\nBis jetzt hatten wir zwar ungef\u00e4hr 200 Hm hinter uns, aber die waren sch\u00f6n verteilt. Dies sollte sich jetzt \u00e4ndern. Zur Hinterberg Alpe geht es nur noch hoch, ungef\u00e4hr 320 Hm ohne Pause.<br \/>\nNicole ist wieder mal am mosern, tr\u00f6deln und \u00e4hnlichen Aktionen, die an mir nur abprallen( und Du willst&#8230;.).<br \/>\nKurz nach der Hinterberg Alpe verlassen wir den Rentner\/Kinderwagenweg und machen uns durch ein Meer von Blumen (Schl\u00fcsselblumen, G\u00e4nsebl\u00fcmchen, Fr\u00fchlingsenzian, <a href=\"https:\/\/wanderkid.eu\/wp-content\/uploads\/2015\/02\/23.05-Dornbirn-015.jpg\"><img loading=\"lazy\" class=\"  wp-image-193 aligncenter\" src=\"https:\/\/wanderkid.eu\/wp-content\/uploads\/2015\/02\/23.05-Dornbirn-015-300x225.jpg\" alt=\"23.05-Dornbirn 015\" width=\"440\" height=\"330\" srcset=\"https:\/\/wanderkid.eu\/wp-content\/uploads\/2015\/02\/23.05-Dornbirn-015-300x225.jpg 300w, https:\/\/wanderkid.eu\/wp-content\/uploads\/2015\/02\/23.05-Dornbirn-015-1024x768.jpg 1024w, https:\/\/wanderkid.eu\/wp-content\/uploads\/2015\/02\/23.05-Dornbirn-015.jpg 2048w\" sizes=\"(max-width: 440px) 100vw, 440px\" \/><\/a><\/p>\n<p>Stengelloser Enzian, Knabenkraut, Krokusse, L\u00f6wenzahn und Sumpfdotterblumen) auf den Weg zum Sch\u00f6nen Mann auf 1532 m. Dort machten wir eine ausgiebige und leckere Brotzeit (der Gipfelschnaps hat auch nicht gefehlt).<\/p>\n<p><a href=\"https:\/\/wanderkid.eu\/wp-content\/uploads\/2015\/02\/23.05-Dornbirn-026.jpg\"><img loading=\"lazy\" class=\"  wp-image-194 aligncenter\" src=\"https:\/\/wanderkid.eu\/wp-content\/uploads\/2015\/02\/23.05-Dornbirn-026-300x225.jpg\" alt=\"23.05-Dornbirn 026\" width=\"438\" height=\"329\" srcset=\"https:\/\/wanderkid.eu\/wp-content\/uploads\/2015\/02\/23.05-Dornbirn-026-300x225.jpg 300w, https:\/\/wanderkid.eu\/wp-content\/uploads\/2015\/02\/23.05-Dornbirn-026-1024x768.jpg 1024w, https:\/\/wanderkid.eu\/wp-content\/uploads\/2015\/02\/23.05-Dornbirn-026.jpg 2048w\" sizes=\"(max-width: 438px) 100vw, 438px\" \/><\/a><\/p>\n<p>Nach der Brotzeit ging es am Grat entlang auf einem einfachen Trampelpfad bis wir wieder auf die Almwiesen kamen. Dann sind wir quer \u00fcber die Wiese abgestiegen immer in Richtung Sch\u00f6ner Mann Alpe.<br \/>\nKurz vor der Alpe haben wir den Fahrweg gekreuzt noch eine Kurve abgeschnitten und dann den Fahrweg Richtung Fluhereck gegangen.<br \/>\nVon dort sind wir dann Richtung Pfarrers \u00c4lpele gegangen, sind aber kurz vorher auf den Sch\u00f6nblick-Weg abgebogen. Ein sch\u00f6ner einfacher Berwaldweg mit einem wirklich sch\u00f6nen Blick \u00fcber Ebnit, aber halt nur von einer Stelle, bei 25 Minuten Weg nicht gerade viel.<br \/>\nIn Ebnit angekommen mussten wir 40 Minuten auf den n\u00e4chsten Bus warten, wir sind dann am Ausgang der Albloch-Schlucht ausgestiegen und sind, Anfangs noch unter heftigsten Protesten, in die Albloch-Schlucht abgestiegen. Die Proteste sind aber schlagartig unter den Eindr\u00fccken verstummt.<br \/>\nDie Schluchten sind einfach gigantisch. Was ein bischen st\u00f6rt, ist ein Kiosk mitten drin. Nach der Albloch ging schnell vorbei an dem Kiosk, dann schon wieder langsamer am Staufen-See vorbei Richtung Rappenloch-Schlucht.<br \/>\nDiese ist noch beeindruckender wie die Albloch-Schlucht.<\/p>\n<p><a href=\"https:\/\/wanderkid.eu\/wp-content\/uploads\/2015\/02\/23.05-Dornbirn-050.jpg\"><img loading=\"lazy\" class=\"alignnone size-medium wp-image-195\" src=\"https:\/\/wanderkid.eu\/wp-content\/uploads\/2015\/02\/23.05-Dornbirn-050-300x225.jpg\" alt=\"23.05-Dornbirn 050\" width=\"300\" height=\"225\" srcset=\"https:\/\/wanderkid.eu\/wp-content\/uploads\/2015\/02\/23.05-Dornbirn-050-300x225.jpg 300w, https:\/\/wanderkid.eu\/wp-content\/uploads\/2015\/02\/23.05-Dornbirn-050-1024x768.jpg 1024w, https:\/\/wanderkid.eu\/wp-content\/uploads\/2015\/02\/23.05-Dornbirn-050.jpg 2048w\" sizes=\"(max-width: 300px) 100vw, 300px\" \/><\/a> <a href=\"https:\/\/wanderkid.eu\/wp-content\/uploads\/2015\/02\/23.05-Dornbirn-052.jpg\"><img loading=\"lazy\" class=\"alignnone size-medium wp-image-196\" src=\"https:\/\/wanderkid.eu\/wp-content\/uploads\/2015\/02\/23.05-Dornbirn-052-300x225.jpg\" alt=\"23.05-Dornbirn 052\" width=\"300\" height=\"225\" srcset=\"https:\/\/wanderkid.eu\/wp-content\/uploads\/2015\/02\/23.05-Dornbirn-052-300x225.jpg 300w, https:\/\/wanderkid.eu\/wp-content\/uploads\/2015\/02\/23.05-Dornbirn-052-1024x768.jpg 1024w, https:\/\/wanderkid.eu\/wp-content\/uploads\/2015\/02\/23.05-Dornbirn-052.jpg 2048w\" sizes=\"(max-width: 300px) 100vw, 300px\" \/><\/a><\/p>\n<p>Wir sind dann in G\u00fctle angekommen, wo es au\u00dfer 2 Bierg\u00e4rten auch das angeblich gr\u00f6\u00dfte Rolls-Royce Museum der Welt.<br \/>\nAls wir an der Stra\u00dfe ankamen, habe ich meine Frauen zum F\u00fc\u00dfe baden im Bach (die armen Fische<img class=\"inlineimg\" title=\"Blinzeln\" src=\"http:\/\/www.wanderforum.de\/images\/smilies\/wink.gif\" alt=\"\" border=\"0\" \/>) geschickt und bin allein das Auto holen gegangen.<br \/>\nTanken, 40 Minuten Stau in Bregenz(das versetzte mich in die Zeit vor dem Pf\u00e4nder-Tunnel zur\u00fcck) und wieder 2,5 Stunden R\u00fcckfahrt sah uns dann wohl erhalten um 20:00 zu Hause wieder.<br \/>\nFazit: 5 Stunden Autofahrt, 40 Minuten Stau, 70 Minuten warten 10 Minuten Busfahrt, 7 Stunden wandern mit sch\u00e4tzungsweise 2 Stunden Pausen mit ungef\u00e4hr 650 H\u00f6henmeter bei bestem Wanderwetter, 2 beeindruckende, Wild-romantische* Schluchten, eine Tochter, die nicht wei\u00df was sie will<img class=\"inlineimg\" title=\"Blinzeln\" src=\"http:\/\/www.wanderforum.de\/images\/smilies\/wink.gif\" alt=\"\" border=\"0\" \/><img class=\"inlineimg\" title=\"Gro\u00dfes L\u00e4cheln\" src=\"http:\/\/www.wanderforum.de\/images\/smilies\/biggrin.gif\" alt=\"\" border=\"0\" \/>.<br \/>\nWas will man mehr?<a href=\"http:\/\/[img]http:\/\/www.cosgan.de\/images\/midi\/teufel\/a010.gif[\/img]\" target=\"_blank\" rel=\"nofollow\"><img src=\"http:\/\/www.cosgan.de\/images\/midi\/teufel\/a010.gif\" alt=\"\" border=\"0\" \/><\/a><\/p>\n<p>Hier geht es zu den <a href=\"http:\/\/www.martinstotz.de\/Dornbirn\/index.html\" target=\"_blank\" rel=\"nofollow\"><b><i><span style=\"color: red;\">Bildern<\/span><\/i><\/b><\/a>.<\/p>\n<p>Ein perfekter Tag<br \/>\nGru\u00df Martin<\/p>\n<p>*wild-romantisch<img class=\"inlineimg\" title=\"verwirrt\" src=\"http:\/\/www.wanderforum.de\/images\/smilies\/confused.gif\" alt=\"\" border=\"0\" \/> wild ja, unter Romantisch stelle ich mir was anderes vor, ungef\u00e4hr so:Kerzenschein, gut gekochtes Essen, guter Wein, Mozarts kleine Nachtmusik und Vollmond, all das gab es da nicht.<\/p>\n","protected":false},"excerpt":{"rendered":"<p>23.05.10 Der Wecker Klingelt um 5 Uhr, Aufstehen, Duschen, Z\u00e4hne putzen (Rasieren schenke ich mir heute), Fr\u00fchst\u00fcck bereiten, 2!! Weibliche Wesen,die eigentlich Langschl\u00e4fer sind, wecken(Die Worte , die ich h\u00f6ren <a href=\"https:\/\/wanderkid.eu\/?page_id=182\" class=\"more-link\">[&hellip;]<\/a><\/p>\n","protected":false},"author":1,"featured_media":0,"parent":110,"menu_order":1,"comment_status":"open","ping_status":"open","template":"","meta":{"Layout":""},"_links":{"self":[{"href":"https:\/\/wanderkid.eu\/index.php?rest_route=\/wp\/v2\/pages\/182"}],"collection":[{"href":"https:\/\/wanderkid.eu\/index.php?rest_route=\/wp\/v2\/pages"}],"about":[{"href":"https:\/\/wanderkid.eu\/index.php?rest_route=\/wp\/v2\/types\/page"}],"author":[{"embeddable":true,"href":"https:\/\/wanderkid.eu\/index.php?rest_route=\/wp\/v2\/users\/1"}],"replies":[{"embeddable":true,"href":"https:\/\/wanderkid.eu\/index.php?rest_route=%2Fwp%2Fv2%2Fcomments&post=182"}],"version-history":[{"count":2,"href":"https:\/\/wanderkid.eu\/index.php?rest_route=\/wp\/v2\/pages\/182\/revisions"}],"predecessor-version":[{"id":197,"href":"https:\/\/wanderkid.eu\/index.php?rest_route=\/wp\/v2\/pages\/182\/revisions\/197"}],"up":[{"embeddable":true,"href":"https:\/\/wanderkid.eu\/index.php?rest_route=\/wp\/v2\/pages\/110"}],"wp:attachment":[{"href":"https:\/\/wanderkid.eu\/index.php?rest_route=%2Fwp%2Fv2%2Fmedia&parent=182"}],"curies":[{"name":"wp","href":"https:\/\/api.w.org\/{rel}","templated":true}]}}