{"id":410,"date":"2015-03-08T16:10:29","date_gmt":"2015-03-08T15:10:29","guid":{"rendered":"http:\/\/wanderkid.eu\/?page_id=410"},"modified":"2016-03-12T15:29:42","modified_gmt":"2016-03-12T13:29:42","slug":"winterwandern-auf-der-seiser-alm","status":"publish","type":"page","link":"https:\/\/wanderkid.eu\/?page_id=410","title":{"rendered":"Winterwandern auf der Seiser Alm"},"content":{"rendered":"<p>02.01.2014<\/p>\n<p>S\u00fcd-Tirol im Winter?<\/p>\n<p>Was f\u00e4llt einem dazu ein? Klar Skilaufen, Skitouren, eventuell noch Langlaufen oder Schneeschuhlaufen.<br \/>\nWir waren zum Skilaufen dort. Nachdem die Lawinenlage etwas zu hoch war und Nicole einen Tag Ruhe verordnet wurde, habe ich meine Frau am Abend des 1.J\u00e4nners vor die Wahl gestellt: Langlaufen oder wandern. Sie entschied sich f\u00fcrs Wandern.<br \/>\nIch habe diesen Urlaub Versuche mit Schwarz\/Weiss Bildern gemacht, deshalb sind nicht alle Photos in Farbe.<br \/>\nWandern im Winter: Wanderstiefel, Gamaschen, Gr\u00f6deln oder Winterwanderhosen, alles besitzen wir. Nur n\u00fctzt das wenig, die Sachen lagern alle im Keller unseres Heimes in Schw\u00e4bisch Gm\u00fcnd.<br \/>\nAm 2. Januar ging es los. Ausgerechnet an diesem Tag war das Wetter war besch&#8230;.eiden, Schneefall, keine Sicht, aber relativ kalt.<br \/>\nSkiunterw\u00e4sche, Skisocken, warmes Hemd, Fleece Jacke, Ski Jacke, M\u00fctze und Handschuhe, eigentlich nichts au\u00dfergew\u00f6hnliches. Stiefel: Moonboots, Hosen: Jeans nicht optimal, aber funktionell, uns wurde untenherum nicht kalt und nass wurden wir auch nicht.<\/p>\n<p>So etwa sieht der gut gekleidete Winterwanderer aus:<a href=\"http:\/\/www.wanderforum.de\/picture.php?albumid=523&amp;pictureid=7070\" target=\"_blank\"><img class=\" aligncenter\" src=\"http:\/\/www.wanderforum.de\/picture.php?albumid=523&amp;pictureid=7070&amp;thumb=1\" alt=\"\" border=\"0\" \/><\/a><\/p>\n<p>seine Frau so:<a href=\"http:\/\/www.wanderforum.de\/picture.php?albumid=523&amp;pictureid=7075\" target=\"_blank\"><img class=\" aligncenter\" src=\"http:\/\/www.wanderforum.de\/picture.php?albumid=523&amp;pictureid=7075&amp;thumb=1\" alt=\"\" border=\"0\" \/><\/a><br \/>\nWir sind auf gut gewalzten Winterwanderwegen etwa 20 km gelaufen.<br \/>\nWir sind an der Umlaufbahn der Seiser Alm losgelaufen<a href=\"http:\/\/www.wanderforum.de\/picture.php?albumid=523&amp;pictureid=7080\" target=\"_blank\"><img class=\" aligncenter\" src=\"http:\/\/www.wanderforum.de\/picture.php?albumid=523&amp;pictureid=7080&amp;thumb=1\" alt=\"\" border=\"0\" \/><\/a> <a href=\"http:\/\/www.wanderforum.de\/picture.php?albumid=523&amp;pictureid=7079\" target=\"_blank\"><img class=\" aligncenter\" src=\"http:\/\/www.wanderforum.de\/picture.php?albumid=523&amp;pictureid=7079&amp;thumb=1\" alt=\"\" border=\"0\" \/><\/a> <a href=\"http:\/\/www.wanderforum.de\/picture.php?albumid=523&amp;pictureid=7077\" target=\"_blank\"><img class=\" aligncenter\" src=\"http:\/\/www.wanderforum.de\/picture.php?albumid=523&amp;pictureid=7077&amp;thumb=1\" alt=\"\" border=\"0\" \/><\/a><\/p>\n<p>\u00fcber Skipisten, Loipen und Rodelbahnen ging es zu diesem Gasthaus.<a href=\"http:\/\/www.wanderforum.de\/picture.php?albumid=523&amp;pictureid=7078\" target=\"_blank\"><img class=\" aligncenter\" src=\"http:\/\/www.wanderforum.de\/picture.php?albumid=523&amp;pictureid=7078&amp;thumb=1\" alt=\"\" border=\"0\" \/><\/a>Dort sind wir genau richtig f\u00fcr ein Mittagsmahl eingetroffen. Nudeln mit Hirschragout f\u00fcr mich, Kaiserschmarrn f\u00fcr meine beste H\u00e4lfte, dazu etwas zu trinken. Alles war Schmackhaft, zwar auf der etwas teuren seite, aber gegen\u00fcber den Preisen auf den Pisten noxh angemessen.<br \/>\nBei tr\u00fcben Wetter ging es weiter <a href=\"http:\/\/www.wanderforum.de\/picture.php?albumid=523&amp;pictureid=7076\" target=\"_blank\"><img class=\" aligncenter\" src=\"http:\/\/www.wanderforum.de\/picture.php?albumid=523&amp;pictureid=7076&amp;thumb=1\" alt=\"\" border=\"0\" \/><\/a> <a href=\"http:\/\/www.wanderforum.de\/picture.php?albumid=523&amp;pictureid=7074\" target=\"_blank\"><img class=\" aligncenter\" src=\"http:\/\/www.wanderforum.de\/picture.php?albumid=523&amp;pictureid=7074&amp;thumb=1\" alt=\"\" border=\"0\" \/><\/a><\/p>\n<p>kurzfristig klarte es immer wieder auf <a href=\"http:\/\/www.wanderforum.de\/picture.php?albumid=523&amp;pictureid=7073\" target=\"_blank\"><img class=\" aligncenter\" src=\"http:\/\/www.wanderforum.de\/picture.php?albumid=523&amp;pictureid=7073&amp;thumb=1\" alt=\"\" border=\"0\" \/><\/a> <a href=\"http:\/\/www.wanderforum.de\/picture.php?albumid=523&amp;pictureid=7072\" target=\"_blank\"><img class=\" aligncenter\" src=\"http:\/\/www.wanderforum.de\/picture.php?albumid=523&amp;pictureid=7072&amp;thumb=1\" alt=\"\" border=\"0\" \/><\/a> <a href=\"http:\/\/www.wanderforum.de\/picture.php?albumid=523&amp;pictureid=7071\" target=\"_blank\"><img class=\" aligncenter\" src=\"http:\/\/www.wanderforum.de\/picture.php?albumid=523&amp;pictureid=7071&amp;thumb=1\" alt=\"\" border=\"0\" \/><\/a> <a href=\"http:\/\/www.wanderforum.de\/picture.php?albumid=523&amp;pictureid=7070\" target=\"_blank\"><img class=\" aligncenter\" src=\"http:\/\/www.wanderforum.de\/picture.php?albumid=523&amp;pictureid=7070&amp;thumb=1\" alt=\"\" border=\"0\" \/><\/a> <a href=\"http:\/\/www.wanderforum.de\/picture.php?albumid=523&amp;pictureid=7069\" target=\"_blank\"><img class=\" aligncenter\" src=\"http:\/\/www.wanderforum.de\/picture.php?albumid=523&amp;pictureid=7069&amp;thumb=1\" alt=\"\" border=\"0\" \/><\/a> <a href=\"http:\/\/www.wanderforum.de\/picture.php?albumid=523&amp;pictureid=7068\" target=\"_blank\"><img class=\" aligncenter\" src=\"http:\/\/www.wanderforum.de\/picture.php?albumid=523&amp;pictureid=7068&amp;thumb=1\" alt=\"\" border=\"0\" \/><\/a>Vorbei an einer Eiss\u00e4ule<a href=\"http:\/\/www.wanderforum.de\/picture.php?albumid=523&amp;pictureid=7067\" target=\"_blank\"><img class=\" aligncenter\" src=\"http:\/\/www.wanderforum.de\/picture.php?albumid=523&amp;pictureid=7067&amp;thumb=1\" alt=\"\" border=\"0\" \/><\/a><\/p>\n<p>Weiter geht es: einer Ladestation f\u00fcr e-Bikes<img class=\"inlineimg\" title=\"eek!\" src=\"http:\/\/www.wanderforum.de\/images\/smilies\/eek.gif\" alt=\"\" border=\"0\" \/>.<a href=\"http:\/\/www.wanderforum.de\/picture.php?albumid=523&amp;pictureid=7066\" target=\"_blank\"><img class=\" aligncenter\" src=\"http:\/\/www.wanderforum.de\/picture.php?albumid=523&amp;pictureid=7066&amp;thumb=1\" alt=\"\" border=\"0\" \/><\/a>Ein Blick zum Plattkofel:<a href=\"http:\/\/www.wanderforum.de\/picture.php?albumid=523&amp;pictureid=7064\" target=\"_blank\"><img class=\" aligncenter\" src=\"http:\/\/www.wanderforum.de\/picture.php?albumid=523&amp;pictureid=7064&amp;thumb=1\" alt=\"\" border=\"0\" \/><\/a> Gegen Abend wurde das Wetter etwas besser:<\/p>\n<p><a href=\"http:\/\/www.wanderforum.de\/picture.php?albumid=523&amp;pictureid=7063\" target=\"_blank\"><img class=\" aligncenter\" src=\"http:\/\/www.wanderforum.de\/picture.php?albumid=523&amp;pictureid=7063&amp;thumb=1\" alt=\"\" border=\"0\" \/><\/a><\/p>\n<p>&nbsp;<\/p>\n<p>Die Sicht sollte allerdings so aussehen: Aufgenommen an den vorherigen Tagen:<a href=\"http:\/\/www.wanderforum.de\/picture.php?albumid=523&amp;pictureid=7082\" target=\"_blank\"><img class=\" aligncenter\" src=\"http:\/\/www.wanderforum.de\/picture.php?albumid=523&amp;pictureid=7082&amp;thumb=1\" alt=\"\" border=\"0\" \/><\/a> <a href=\"http:\/\/www.wanderforum.de\/picture.php?albumid=523&amp;pictureid=7081\" target=\"_blank\"><img class=\" aligncenter\" src=\"http:\/\/www.wanderforum.de\/picture.php?albumid=523&amp;pictureid=7081&amp;thumb=1\" alt=\"\" border=\"0\" \/><\/a><\/p>\n<p>Bilder nicht nur von der Wanderung gibt es <a href=\"http:\/\/bilder.martinstotz.de\/2014\/Seiser-Alm\" target=\"_blank\">hier<\/a> Panoramen <a href=\"http:\/\/bilder.martinstotz.de\/var\/albums\/Panoramen\/seiser%20Alm%201.jpg?m=1389002626\" target=\"_blank\">hier<\/a> und <a href=\"http:\/\/bilder.martinstotz.de\/var\/albums\/Panoramen\/seiser%20Alm%202.jpg?m=1389002638\" target=\"_blank\">hier<\/a>, einen Track wieder mal bei <a href=\"http:\/\/www.gpsies.com\/map.do?fileId=bsfpgnraqzfteizj\" target=\"_blank\">GPSies<\/a>.<\/p>\n<p>Untergekommen waren wir in dieser Ferienwohnung auf dem Bauernhof <a href=\"http:\/\/www.pliegermoar.com\/de\/index.html\" target=\"_blank\">Pfliegermoar<\/a> in V\u00f6ls am Schlern. Komfortabel, modern eingerichtet und da etwas vom Schuss preislich sehr g\u00fcnstig. Absolut empfehlenswert. <img loading=\"lazy\" class=\"alignnone\" src=\"http:\/\/www.smilie-harvester.de\/smilies\/ThumbsUp\/439.gif\" alt=\"\" width=\"25\" height=\"18\" \/><\/p>\n<p>Informationen \u00fcber die Seiser Alm im Winter gibt es bei <a href=\"http:\/\/www.sentres.com\/de\/seiser-alm\/winter\" target=\"_blank\">Sentres<\/a>.<\/p>\n<p>Ein Highlight in der Region ist nat\u00fcrlich die <a href=\"http:\/\/www.sellaronda.info\/\" target=\"_blank\">Sellaronde<\/a>, die Mutter aller Skirundfahrten, empfehlenswert, aber jeder meint er\/sie m\u00fcssten die Runde bew\u00e4ltigen, auch wenn er\/sie skitechnisch nicht in der Lage dazu sind. Engp\u00e4sse in beiden Richtungen gibt es in Arraba<\/p>\n<p>Gru\u00df Martin<\/p>\n","protected":false},"excerpt":{"rendered":"<p>02.01.2014 S\u00fcd-Tirol im Winter? Was f\u00e4llt einem dazu ein? Klar Skilaufen, Skitouren, eventuell noch Langlaufen oder Schneeschuhlaufen. Wir waren zum Skilaufen dort. Nachdem die Lawinenlage etwas zu hoch war und <a href=\"https:\/\/wanderkid.eu\/?page_id=410\" class=\"more-link\">[&hellip;]<\/a><\/p>\n","protected":false},"author":1,"featured_media":0,"parent":348,"menu_order":1,"comment_status":"open","ping_status":"open","template":"","meta":{"Layout":""},"_links":{"self":[{"href":"https:\/\/wanderkid.eu\/index.php?rest_route=\/wp\/v2\/pages\/410"}],"collection":[{"href":"https:\/\/wanderkid.eu\/index.php?rest_route=\/wp\/v2\/pages"}],"about":[{"href":"https:\/\/wanderkid.eu\/index.php?rest_route=\/wp\/v2\/types\/page"}],"author":[{"embeddable":true,"href":"https:\/\/wanderkid.eu\/index.php?rest_route=\/wp\/v2\/users\/1"}],"replies":[{"embeddable":true,"href":"https:\/\/wanderkid.eu\/index.php?rest_route=%2Fwp%2Fv2%2Fcomments&post=410"}],"version-history":[{"count":12,"href":"https:\/\/wanderkid.eu\/index.php?rest_route=\/wp\/v2\/pages\/410\/revisions"}],"predecessor-version":[{"id":802,"href":"https:\/\/wanderkid.eu\/index.php?rest_route=\/wp\/v2\/pages\/410\/revisions\/802"}],"up":[{"embeddable":true,"href":"https:\/\/wanderkid.eu\/index.php?rest_route=\/wp\/v2\/pages\/348"}],"wp:attachment":[{"href":"https:\/\/wanderkid.eu\/index.php?rest_route=%2Fwp%2Fv2%2Fmedia&parent=410"}],"curies":[{"name":"wp","href":"https:\/\/api.w.org\/{rel}","templated":true}]}}