{"id":465,"date":"2015-03-10T20:08:21","date_gmt":"2015-03-10T19:08:21","guid":{"rendered":"http:\/\/wanderkid.eu\/?page_id=465"},"modified":"2015-03-14T23:34:25","modified_gmt":"2015-03-14T22:34:25","slug":"besteigung-des-niederen-sulzkogels-2795m","status":"publish","type":"page","link":"https:\/\/wanderkid.eu\/?page_id=465","title":{"rendered":"Besteigung des Niederen Sulzkogels 2795m"},"content":{"rendered":"<div class=\"content\">\n<figure id=\"attachment_511\" aria-describedby=\"caption-attachment-511\" style=\"width: 866px\" class=\"wp-caption aligncenter\"><a href=\"https:\/\/wanderkid.eu\/wp-content\/uploads\/2015\/03\/019.png\"><img loading=\"lazy\" class=\"wp-image-511 size-full\" src=\"https:\/\/wanderkid.eu\/wp-content\/uploads\/2015\/03\/019.png\" alt=\"019\" width=\"866\" height=\"474\" srcset=\"https:\/\/wanderkid.eu\/wp-content\/uploads\/2015\/03\/019.png 866w, https:\/\/wanderkid.eu\/wp-content\/uploads\/2015\/03\/019-300x164.png 300w\" sizes=\"(max-width: 866px) 100vw, 866px\" \/><\/a><figcaption id=\"caption-attachment-511\" class=\"wp-caption-text\">Kartenausschnitt mit Route<\/figcaption><\/figure>\n<figure id=\"attachment_512\" aria-describedby=\"caption-attachment-512\" style=\"width: 648px\" class=\"wp-caption aligncenter\"><a href=\"https:\/\/wanderkid.eu\/wp-content\/uploads\/2015\/03\/020.jpg\"><img loading=\"lazy\" class=\"wp-image-512 size-large\" src=\"https:\/\/wanderkid.eu\/wp-content\/uploads\/2015\/03\/020-1024x768.jpg\" alt=\"020\" width=\"648\" height=\"486\" srcset=\"https:\/\/wanderkid.eu\/wp-content\/uploads\/2015\/03\/020-1024x768.jpg 1024w, https:\/\/wanderkid.eu\/wp-content\/uploads\/2015\/03\/020-300x225.jpg 300w\" sizes=\"(max-width: 648px) 100vw, 648px\" \/><\/a><figcaption id=\"caption-attachment-512\" class=\"wp-caption-text\">Das Ziel<\/figcaption><\/figure>\n<figure id=\"attachment_513\" aria-describedby=\"caption-attachment-513\" style=\"width: 648px\" class=\"wp-caption aligncenter\"><a href=\"https:\/\/wanderkid.eu\/wp-content\/uploads\/2015\/03\/0211.jpg\"><img loading=\"lazy\" class=\"wp-image-513 size-large\" src=\"https:\/\/wanderkid.eu\/wp-content\/uploads\/2015\/03\/0211-1024x768.jpg\" alt=\"021\" width=\"648\" height=\"486\" srcset=\"https:\/\/wanderkid.eu\/wp-content\/uploads\/2015\/03\/0211-1024x768.jpg 1024w, https:\/\/wanderkid.eu\/wp-content\/uploads\/2015\/03\/0211-300x225.jpg 300w\" sizes=\"(max-width: 648px) 100vw, 648px\" \/><\/a><figcaption id=\"caption-attachment-513\" class=\"wp-caption-text\">Und so sieht er aus<\/figcaption><\/figure>\n<p>Der Weg, jetzt endlich ein Wanderweg, f\u00fchrt an der H\u00fctte vorbei relativ flach durch Erika<\/p>\n<\/div>\n<div class=\"content\">\n<figure id=\"attachment_515\" aria-describedby=\"caption-attachment-515\" style=\"width: 648px\" class=\"wp-caption aligncenter\"><a href=\"https:\/\/wanderkid.eu\/wp-content\/uploads\/2015\/03\/023.jpg\"><img loading=\"lazy\" class=\"wp-image-515 size-large\" src=\"https:\/\/wanderkid.eu\/wp-content\/uploads\/2015\/03\/023-1024x768.jpg\" alt=\"023\" width=\"648\" height=\"486\" srcset=\"https:\/\/wanderkid.eu\/wp-content\/uploads\/2015\/03\/023-1024x768.jpg 1024w, https:\/\/wanderkid.eu\/wp-content\/uploads\/2015\/03\/023-300x225.jpg 300w\" sizes=\"(max-width: 648px) 100vw, 648px\" \/><\/a><figcaption id=\"caption-attachment-515\" class=\"wp-caption-text\">Erika<\/figcaption><\/figure>\n<\/div>\n<div class=\"content\">und Heidelbeerstr\u00e4ucher mit sch\u00f6nen Ausblicken zum H\u00fcttenzustieg und \u00fcber das \u00d6tztal Richtung \u00d6tztaler Alpen<\/div>\n<div class=\"content\">\n<figure id=\"attachment_517\" aria-describedby=\"caption-attachment-517\" style=\"width: 648px\" class=\"wp-caption aligncenter\"><a href=\"https:\/\/wanderkid.eu\/wp-content\/uploads\/2015\/03\/026.jpg\"><img loading=\"lazy\" class=\"wp-image-517 size-large\" src=\"https:\/\/wanderkid.eu\/wp-content\/uploads\/2015\/03\/026-1024x768.jpg\" alt=\"026\" width=\"648\" height=\"486\" srcset=\"https:\/\/wanderkid.eu\/wp-content\/uploads\/2015\/03\/026-1024x768.jpg 1024w, https:\/\/wanderkid.eu\/wp-content\/uploads\/2015\/03\/026-300x225.jpg 300w\" sizes=\"(max-width: 648px) 100vw, 648px\" \/><\/a><figcaption id=\"caption-attachment-517\" class=\"wp-caption-text\">Blick zum H\u00fcttenzustieg<\/figcaption><\/figure>\n<\/div>\n<div class=\"content\">nach oben. Leider war der Weg ziemlich morastig, was sich aber beim Ersten Ger\u00f6llfeld schlagartig \u00e4nderte. Jetzt wurde es Alpin, durch Blockwerk<\/div>\n<div class=\"content\">\n<figure id=\"attachment_522\" aria-describedby=\"caption-attachment-522\" style=\"width: 648px\" class=\"wp-caption aligncenter\"><a href=\"https:\/\/wanderkid.eu\/wp-content\/uploads\/2015\/03\/031.jpg\"><img loading=\"lazy\" class=\"wp-image-522 size-large\" src=\"https:\/\/wanderkid.eu\/wp-content\/uploads\/2015\/03\/031-1024x768.jpg\" alt=\"031\" width=\"648\" height=\"486\" srcset=\"https:\/\/wanderkid.eu\/wp-content\/uploads\/2015\/03\/031-1024x768.jpg 1024w, https:\/\/wanderkid.eu\/wp-content\/uploads\/2015\/03\/031-300x225.jpg 300w\" sizes=\"(max-width: 648px) 100vw, 648px\" \/><\/a><figcaption id=\"caption-attachment-522\" class=\"wp-caption-text\">Tanja im Ger\u00f6llfeld<\/figcaption><\/figure>\n<figure id=\"attachment_520\" aria-describedby=\"caption-attachment-520\" style=\"width: 648px\" class=\"wp-caption aligncenter\"><a href=\"https:\/\/wanderkid.eu\/wp-content\/uploads\/2015\/03\/029.jpg\"><img loading=\"lazy\" class=\"wp-image-520 size-large\" src=\"https:\/\/wanderkid.eu\/wp-content\/uploads\/2015\/03\/029-1024x768.jpg\" alt=\"029\" width=\"648\" height=\"486\" srcset=\"https:\/\/wanderkid.eu\/wp-content\/uploads\/2015\/03\/029-1024x768.jpg 1024w, https:\/\/wanderkid.eu\/wp-content\/uploads\/2015\/03\/029-300x225.jpg 300w\" sizes=\"(max-width: 648px) 100vw, 648px\" \/><\/a><figcaption id=\"caption-attachment-520\" class=\"wp-caption-text\">Tanja mit Steinmann<\/figcaption><\/figure>\n<\/div>\n<div class=\"content\">\n<figure id=\"attachment_514\" aria-describedby=\"caption-attachment-514\" style=\"width: 648px\" class=\"wp-caption aligncenter\"><a href=\"https:\/\/wanderkid.eu\/wp-content\/uploads\/2015\/03\/022.jpg\"><img loading=\"lazy\" class=\"wp-image-514 size-large\" src=\"https:\/\/wanderkid.eu\/wp-content\/uploads\/2015\/03\/022-1024x768.jpg\" alt=\"DIGITAL CAMERA\" width=\"648\" height=\"486\" srcset=\"https:\/\/wanderkid.eu\/wp-content\/uploads\/2015\/03\/022-1024x768.jpg 1024w, https:\/\/wanderkid.eu\/wp-content\/uploads\/2015\/03\/022-300x225.jpg 300w\" sizes=\"(max-width: 648px) 100vw, 648px\" \/><\/a><figcaption id=\"caption-attachment-514\" class=\"wp-caption-text\">Aufstieg<\/figcaption><\/figure>\n<\/div>\n<div class=\"content\">steiler nach oben. Bei ungef\u00e4hr 2650 Meter hatte Tanja die Schnauze voll, au\u00dferdem sollte jetzt das Klettern beginnen und mit ihrer l\u00e4dierten Schulter war von Anfang an klar bis hier und nicht weiter.<\/p>\n<figure id=\"attachment_521\" aria-describedby=\"caption-attachment-521\" style=\"width: 648px\" class=\"wp-caption aligncenter\"><a href=\"https:\/\/wanderkid.eu\/wp-content\/uploads\/2015\/03\/030.jpg\"><img loading=\"lazy\" class=\"wp-image-521 size-large\" src=\"https:\/\/wanderkid.eu\/wp-content\/uploads\/2015\/03\/030-1024x768.jpg\" alt=\"030\" width=\"648\" height=\"486\" srcset=\"https:\/\/wanderkid.eu\/wp-content\/uploads\/2015\/03\/030-1024x768.jpg 1024w, https:\/\/wanderkid.eu\/wp-content\/uploads\/2015\/03\/030-300x225.jpg 300w\" sizes=\"(max-width: 648px) 100vw, 648px\" \/><\/a><figcaption id=\"caption-attachment-521\" class=\"wp-caption-text\">Endlich Rast<\/figcaption><\/figure>\n<\/div>\n<div class=\"content\">\n<figure id=\"attachment_519\" aria-describedby=\"caption-attachment-519\" style=\"width: 648px\" class=\"wp-caption aligncenter\"><a href=\"https:\/\/wanderkid.eu\/wp-content\/uploads\/2015\/03\/0281.jpg\"><img loading=\"lazy\" class=\"wp-image-519 size-large\" src=\"https:\/\/wanderkid.eu\/wp-content\/uploads\/2015\/03\/0281-1024x768.jpg\" alt=\"DIGITAL CAMERA\" width=\"648\" height=\"486\" srcset=\"https:\/\/wanderkid.eu\/wp-content\/uploads\/2015\/03\/0281-1024x768.jpg 1024w, https:\/\/wanderkid.eu\/wp-content\/uploads\/2015\/03\/0281-300x225.jpg 300w\" sizes=\"(max-width: 648px) 100vw, 648px\" \/><\/a><figcaption id=\"caption-attachment-519\" class=\"wp-caption-text\">Beim Fotografieren<\/figcaption><\/figure>\n<p>F\u00fcr mich wurde es jetzt interessant. Freiklettern, zwar nur ein Einser, maximal ein Zweier, und H\u00f6henangst, wie wird sich das vertragen? Es ging so. P\u00fcnktlich um 14:15 war ich auf dem Gipfel,<\/p>\n<\/div>\n<div class=\"content\">\n<figure id=\"attachment_524\" aria-describedby=\"caption-attachment-524\" style=\"width: 648px\" class=\"wp-caption aligncenter\"><a href=\"https:\/\/wanderkid.eu\/wp-content\/uploads\/2015\/03\/033.jpg\"><img loading=\"lazy\" class=\"wp-image-524 size-large\" src=\"https:\/\/wanderkid.eu\/wp-content\/uploads\/2015\/03\/033-1024x768.jpg\" alt=\"033\" width=\"648\" height=\"486\" srcset=\"https:\/\/wanderkid.eu\/wp-content\/uploads\/2015\/03\/033-1024x768.jpg 1024w, https:\/\/wanderkid.eu\/wp-content\/uploads\/2015\/03\/033-300x225.jpg 300w\" sizes=\"(max-width: 648px) 100vw, 648px\" \/><\/a><figcaption id=\"caption-attachment-524\" class=\"wp-caption-text\">Tiefblicke zur Amberger H\u00fctte<\/figcaption><\/figure>\n<figure id=\"attachment_523\" aria-describedby=\"caption-attachment-523\" style=\"width: 648px\" class=\"wp-caption aligncenter\"><a href=\"https:\/\/wanderkid.eu\/wp-content\/uploads\/2015\/03\/032.jpg\"><img loading=\"lazy\" class=\"wp-image-523 size-large\" src=\"https:\/\/wanderkid.eu\/wp-content\/uploads\/2015\/03\/032-1024x768.jpg\" alt=\"032\" width=\"648\" height=\"486\" srcset=\"https:\/\/wanderkid.eu\/wp-content\/uploads\/2015\/03\/032-1024x768.jpg 1024w, https:\/\/wanderkid.eu\/wp-content\/uploads\/2015\/03\/032-300x225.jpg 300w\" sizes=\"(max-width: 648px) 100vw, 648px\" \/><\/a><figcaption id=\"caption-attachment-523\" class=\"wp-caption-text\">Schrankogel und Mutterbergerseespitze<\/figcaption><\/figure>\n<\/div>\n<div class=\"content\"><\/div>\n<div class=\"content\">\n<figure id=\"attachment_528\" aria-describedby=\"caption-attachment-528\" style=\"width: 648px\" class=\"wp-caption aligncenter\"><a href=\"https:\/\/wanderkid.eu\/wp-content\/uploads\/2015\/03\/039.jpg\"><img loading=\"lazy\" class=\"wp-image-528 size-large\" src=\"https:\/\/wanderkid.eu\/wp-content\/uploads\/2015\/03\/039-1024x768.jpg\" alt=\"039\" width=\"648\" height=\"486\" srcset=\"https:\/\/wanderkid.eu\/wp-content\/uploads\/2015\/03\/039-1024x768.jpg 1024w, https:\/\/wanderkid.eu\/wp-content\/uploads\/2015\/03\/039-300x225.jpg 300w\" sizes=\"(max-width: 648px) 100vw, 648px\" \/><\/a><figcaption id=\"caption-attachment-528\" class=\"wp-caption-text\">Zuckerh\u00fctl<\/figcaption><\/figure>\n<\/div>\n<div class=\"content\">\n<figure id=\"attachment_529\" aria-describedby=\"caption-attachment-529\" style=\"width: 648px\" class=\"wp-caption aligncenter\"><a href=\"https:\/\/wanderkid.eu\/wp-content\/uploads\/2015\/03\/040.jpg\"><img loading=\"lazy\" class=\"wp-image-529 size-large\" src=\"https:\/\/wanderkid.eu\/wp-content\/uploads\/2015\/03\/040-1024x768.jpg\" alt=\"040\" width=\"648\" height=\"486\" srcset=\"https:\/\/wanderkid.eu\/wp-content\/uploads\/2015\/03\/040-1024x768.jpg 1024w, https:\/\/wanderkid.eu\/wp-content\/uploads\/2015\/03\/040-300x225.jpg 300w\" sizes=\"(max-width: 648px) 100vw, 648px\" \/><\/a><figcaption id=\"caption-attachment-529\" class=\"wp-caption-text\">Sulztalferner<\/figcaption><\/figure>\n<\/div>\n<div class=\"content\">\n<figure id=\"attachment_527\" aria-describedby=\"caption-attachment-527\" style=\"width: 648px\" class=\"wp-caption aligncenter\"><a href=\"https:\/\/wanderkid.eu\/wp-content\/uploads\/2015\/03\/038.jpg\"><img loading=\"lazy\" class=\"wp-image-527 size-large\" src=\"https:\/\/wanderkid.eu\/wp-content\/uploads\/2015\/03\/038-1024x768.jpg\" alt=\"038\" width=\"648\" height=\"486\" srcset=\"https:\/\/wanderkid.eu\/wp-content\/uploads\/2015\/03\/038-1024x768.jpg 1024w, https:\/\/wanderkid.eu\/wp-content\/uploads\/2015\/03\/038-300x225.jpg 300w\" sizes=\"(max-width: 648px) 100vw, 648px\" \/><\/a><figcaption id=\"caption-attachment-527\" class=\"wp-caption-text\">&#8222;Weglos&#8220; zum Gipfel<\/figcaption><\/figure>\n<\/div>\n<div class=\"content\">\n<figure id=\"attachment_526\" aria-describedby=\"caption-attachment-526\" style=\"width: 648px\" class=\"wp-caption aligncenter\"><a href=\"https:\/\/wanderkid.eu\/wp-content\/uploads\/2015\/03\/035.jpg\"><img loading=\"lazy\" class=\"wp-image-526 size-large\" src=\"https:\/\/wanderkid.eu\/wp-content\/uploads\/2015\/03\/035-1024x768.jpg\" alt=\"035\" width=\"648\" height=\"486\" srcset=\"https:\/\/wanderkid.eu\/wp-content\/uploads\/2015\/03\/035-1024x768.jpg 1024w, https:\/\/wanderkid.eu\/wp-content\/uploads\/2015\/03\/035-300x225.jpg 300w\" sizes=\"(max-width: 648px) 100vw, 648px\" \/><\/a><figcaption id=\"caption-attachment-526\" class=\"wp-caption-text\">Gipfelkreuz<\/figcaption><\/figure>\n<\/div>\n<div class=\"content\">eine Panoramasequenz aufnehmen und Werbung f\u00fcr das Wanderforum im Gipfelbuch machen. Ein M\u00fcsliriegel, Packung in die Handytasche( mit Rei\u00dfverschluss) und wieder runter, nicht dass meine Frau noch mit einem Alm\u00f6hi, \u00d6tzi oder einem Yeti abhaut. Absteigen ist speziell bei dem losen Kieselschutt auf dem Weg, nicht so ganz meine Vorstellung von Spa\u00df. Ich war halb wieder unten als von oben ein Kiesel losgetreten wurde, er verfehlte mich um ungef\u00e4hr einen Meter, also nichts passiert, aber es muss nicht unbedingt sein.<\/div>\n<div class=\"content\"><b><i><span style=\"font-size: medium;\"><a href=\"http:\/\/bilder.martinstotz.de\/var\/albums\/Panoramen\/Sulzkogel-1.jpg?m=1412624892\" target=\"_blank\" rel=\"nofollow\">360\u00b0 Grad Panorama vom Gipfel<\/a><\/span><\/i><\/b><\/div>\n<div class=\"content\">\n<figure id=\"attachment_530\" aria-describedby=\"caption-attachment-530\" style=\"width: 648px\" class=\"wp-caption aligncenter\"><a href=\"https:\/\/wanderkid.eu\/wp-content\/uploads\/2015\/03\/0411.jpg\"><img loading=\"lazy\" class=\"wp-image-530 size-large\" src=\"https:\/\/wanderkid.eu\/wp-content\/uploads\/2015\/03\/0411-1024x768.jpg\" alt=\"041\" width=\"648\" height=\"486\" srcset=\"https:\/\/wanderkid.eu\/wp-content\/uploads\/2015\/03\/0411-1024x768.jpg 1024w, https:\/\/wanderkid.eu\/wp-content\/uploads\/2015\/03\/0411-300x225.jpg 300w\" sizes=\"(max-width: 648px) 100vw, 648px\" \/><\/a><figcaption id=\"caption-attachment-530\" class=\"wp-caption-text\">Mann, kann die Frau schlafen!!!<\/figcaption><\/figure>\n<\/div>\n<div class=\"content\">\u00a0Tanja war noch da und schl\u00e4ft den Schlaf der Gerechten. Ein Druck auf die Sendetaste meines Walkie-Talkie und sie war wieder wach. Noch etwas Essen (M\u00fcsliriegel und Studentenfutter) dazu einen Schluck Wasser und wir waren gewappnet f\u00fcr den restlichen Abstieg.<\/div>\n<div class=\"content\"><\/div>\n<div class=\"content\">\n<figure id=\"attachment_532\" aria-describedby=\"caption-attachment-532\" style=\"width: 648px\" class=\"wp-caption aligncenter\"><a href=\"https:\/\/wanderkid.eu\/wp-content\/uploads\/2015\/03\/0431.jpg\"><img loading=\"lazy\" class=\"wp-image-532 size-large\" src=\"https:\/\/wanderkid.eu\/wp-content\/uploads\/2015\/03\/0431-1024x768.jpg\" alt=\"043\" width=\"648\" height=\"486\" srcset=\"https:\/\/wanderkid.eu\/wp-content\/uploads\/2015\/03\/0431-1024x768.jpg 1024w, https:\/\/wanderkid.eu\/wp-content\/uploads\/2015\/03\/0431-300x225.jpg 300w\" sizes=\"(max-width: 648px) 100vw, 648px\" \/><\/a><figcaption id=\"caption-attachment-532\" class=\"wp-caption-text\">Sulztalferner<\/figcaption><\/figure>\n<\/div>\n<div class=\"content\">\n<figure id=\"attachment_531\" aria-describedby=\"caption-attachment-531\" style=\"width: 648px\" class=\"wp-caption aligncenter\"><a href=\"https:\/\/wanderkid.eu\/wp-content\/uploads\/2015\/03\/042.jpg\"><img loading=\"lazy\" class=\"wp-image-531 size-large\" src=\"https:\/\/wanderkid.eu\/wp-content\/uploads\/2015\/03\/042-1024x768.jpg\" alt=\"042\" width=\"648\" height=\"486\" srcset=\"https:\/\/wanderkid.eu\/wp-content\/uploads\/2015\/03\/042-1024x768.jpg 1024w, https:\/\/wanderkid.eu\/wp-content\/uploads\/2015\/03\/042-300x225.jpg 300w\" sizes=\"(max-width: 648px) 100vw, 648px\" \/><\/a><figcaption id=\"caption-attachment-531\" class=\"wp-caption-text\">Grasb\u00fcschel gegen den Horitont<\/figcaption><\/figure>\n<\/div>\n<div class=\"content\">16:30 kamen wir wieder an der H\u00fctte an.<br \/>\nDaten : 5km, 674 H\u00f6henmeter im Aufstieg und im Abstieg, 4 Stunden 40 Minuten davon 2 Stunden 24 Minuten Pausenzeit, Heidelbeeren und Fotopausen lassen gr\u00fc\u00dfen, und eine Herzfrequenz von Durchschnittlich 111bpM. Eigentlich hatte ich gedacht, dass sich meine H\u00f6henangst auf die Herzfrequenz auswirkt. Es war eher das Gegenteil der Fall, im Abstieg, wovor ich am meisten Respekt hatte war sie knapp unter Durchschnitt. Also kann ich selbst in solchen Lagen ruhig bleiben.Es war eine sch\u00f6ne Tour mit teilweise grandiosen Aussichten und Tiefblicken.Zur\u00fcck an der H\u00fctte hie\u00df es frisch machen f\u00fcr das Abendessen, H\u00fcttenschlafsack herrichten, den Rucksack f\u00fcr den n\u00e4chsten Tag packen und die Kontaktlinsen wieder rauspulen.<br \/>\nZum Abendessen gab es Backerbsensuppe, Salatb\u00fcfett, \u00d6tztaler Zwiebelfleisch mit Reis<\/p>\n<figure id=\"attachment_533\" aria-describedby=\"caption-attachment-533\" style=\"width: 648px\" class=\"wp-caption aligncenter\"><a href=\"https:\/\/wanderkid.eu\/wp-content\/uploads\/2015\/03\/044.jpg\"><img loading=\"lazy\" class=\"wp-image-533 size-large\" src=\"https:\/\/wanderkid.eu\/wp-content\/uploads\/2015\/03\/044-1024x768.jpg\" alt=\"044\" width=\"648\" height=\"486\" srcset=\"https:\/\/wanderkid.eu\/wp-content\/uploads\/2015\/03\/044-1024x768.jpg 1024w, https:\/\/wanderkid.eu\/wp-content\/uploads\/2015\/03\/044-300x225.jpg 300w\" sizes=\"(max-width: 648px) 100vw, 648px\" \/><\/a><figcaption id=\"caption-attachment-533\" class=\"wp-caption-text\">Zwiebelfleisch mit Reis &#8211; lecker<\/figcaption><\/figure>\n<p>und als Nachtisch Schokoeis mit Sahne und Banane. Man hatte die Auswahl von 3 Hauptg\u00e4ngen, davon einer Vegetarisch. Das Essen war vorz\u00fcglich und f\u00fcr uns waren die Portionen gro\u00df genug.<br \/>\nTanja war jetzt geschafft und auch ich sp\u00fcrte meine Knochen und mein Alter.<\/p>\n<figure id=\"attachment_534\" aria-describedby=\"caption-attachment-534\" style=\"width: 648px\" class=\"wp-caption aligncenter\"><a href=\"https:\/\/wanderkid.eu\/wp-content\/uploads\/2015\/03\/0451.jpg\"><img loading=\"lazy\" class=\"wp-image-534 size-large\" src=\"https:\/\/wanderkid.eu\/wp-content\/uploads\/2015\/03\/0451-1024x768.jpg\" alt=\"045\" width=\"648\" height=\"486\" srcset=\"https:\/\/wanderkid.eu\/wp-content\/uploads\/2015\/03\/0451-1024x768.jpg 1024w, https:\/\/wanderkid.eu\/wp-content\/uploads\/2015\/03\/0451-300x225.jpg 300w\" sizes=\"(max-width: 648px) 100vw, 648px\" \/><\/a><figcaption id=\"caption-attachment-534\" class=\"wp-caption-text\">Gem\u00fctlicher Abend<\/figcaption><\/figure>\n<p>GPS-Track: <a href=\"http:\/\/www.gpsies.com\/map.do?fileId=bptmdnnsrpqiqajh\" target=\"_blank\">bei GPSies <\/a>Noch ein Panorama-Bild: <b><i><span style=\"font-size: medium;\"><a href=\"http:\/\/bilder.martinstotz.de\/var\/albums\/Panoramen\/Sulztalferner.jpg?m=1412625191\" target=\"_blank\" rel=\"nofollow\">Hinteres Sulztal<\/a><\/span><\/i><\/b><\/p>\n<p><em>Weiter geht es <a href=\"https:\/\/wanderkid.eu\/?page_id=468\">hier<\/a><\/em><\/p>\n<\/div>\n","protected":false},"excerpt":{"rendered":"<p>Der Weg, jetzt endlich ein Wanderweg, f\u00fchrt an der H\u00fctte vorbei relativ flach durch Erika und Heidelbeerstr\u00e4ucher mit sch\u00f6nen Ausblicken zum H\u00fcttenzustieg und \u00fcber das \u00d6tztal Richtung \u00d6tztaler Alpen nach <a href=\"https:\/\/wanderkid.eu\/?page_id=465\" class=\"more-link\">[&hellip;]<\/a><\/p>\n","protected":false},"author":1,"featured_media":0,"parent":461,"menu_order":2,"comment_status":"open","ping_status":"open","template":"","meta":{"Layout":""},"_links":{"self":[{"href":"https:\/\/wanderkid.eu\/index.php?rest_route=\/wp\/v2\/pages\/465"}],"collection":[{"href":"https:\/\/wanderkid.eu\/index.php?rest_route=\/wp\/v2\/pages"}],"about":[{"href":"https:\/\/wanderkid.eu\/index.php?rest_route=\/wp\/v2\/types\/page"}],"author":[{"embeddable":true,"href":"https:\/\/wanderkid.eu\/index.php?rest_route=\/wp\/v2\/users\/1"}],"replies":[{"embeddable":true,"href":"https:\/\/wanderkid.eu\/index.php?rest_route=%2Fwp%2Fv2%2Fcomments&post=465"}],"version-history":[{"count":12,"href":"https:\/\/wanderkid.eu\/index.php?rest_route=\/wp\/v2\/pages\/465\/revisions"}],"predecessor-version":[{"id":540,"href":"https:\/\/wanderkid.eu\/index.php?rest_route=\/wp\/v2\/pages\/465\/revisions\/540"}],"up":[{"embeddable":true,"href":"https:\/\/wanderkid.eu\/index.php?rest_route=\/wp\/v2\/pages\/461"}],"wp:attachment":[{"href":"https:\/\/wanderkid.eu\/index.php?rest_route=%2Fwp%2Fv2%2Fmedia&parent=465"}],"curies":[{"name":"wp","href":"https:\/\/api.w.org\/{rel}","templated":true}]}}