{"id":62,"date":"2015-02-12T21:02:13","date_gmt":"2015-02-12T20:02:13","guid":{"rendered":"http:\/\/wanderkid.eu\/?page_id=62"},"modified":"2015-02-12T21:17:42","modified_gmt":"2015-02-12T20:17:42","slug":"tag-1-scheeschuhtour-zur-kofleralm","status":"publish","type":"page","link":"https:\/\/wanderkid.eu\/?page_id=62","title":{"rendered":"Tag 1: Scheeschuhtour zur Kofleralm"},"content":{"rendered":"<p>7:30 Aufstehen, Fr\u00fchst\u00fcck, Schneeschuhe besorgen (2 Paar 10\u20ac pro Tag) und zur\u00fcck nach Rein. Geparkt wird am Parkplatz zur Kuttenalm. Die &#8222;Stra\u00dfe&#8220; dahin hatte es in sich, kurz \u00fcber die Skipiste und dann einen Hang hoch auf Schnee ohne Absicherung<img class=\"inlineimg\" title=\"Daumenhoch\" src=\"http:\/\/www.wanderforum.de\/images\/smilies\/thumbsup.gif\" alt=\"\" border=\"0\" \/>.<br \/>\nLawinen-Schaufeln und -Sonden waren im Rucksack, die LVS-Ger\u00e4te unter den Jacken. Kamera und Navi bereit, Karten und F\u00fchrer im Rucksack. Es konnte losgehen.<br \/>\nZum Wetter; Kalt -7\u00b0, b\u00f6iger Nordwind und leichter Schneefall.<\/p>\n<p>Der Weg f\u00fchrte zuerst auf der Zubringerstra\u00dfe<\/p>\n<p>zu mehreren Aussiedler-H\u00f6fen bevor es dann in den Wald Richtung Unteren Kofler Alm ging. Der Weg ist jetzt ein sch\u00f6ner Waldwanderweg, der uns keine Schwierigkeiten abverlangt. Allerdings w\u00e4ren bei diesen Schneeverh\u00e4ltnisse keine Schneeschuhe n\u00f6tig. Allerdings war der Weg relativ vereist und Gr\u00f6deln w\u00e4ren dann schon empfehlenswert. Bald erreichten wir den Waldrand und die ersten Almfl\u00e4chen. vorbei an der Unteren Kofleralm geht es wieder in den Wald, diesmal etwas Alpiner. Dieser Bereich wird im Rother Schneeschuhf\u00fchrer als schwierig und absturzgef\u00e4hrdet bezeichnet. Bei unserer Schneelage kann davon keine Rede sein. Daf\u00fcr sorgt schon ein Zaun und bis der weg ist, br\u00e4uchte es mindestens noch einen Meter Schnee.<\/p>\n<div class=\"size_fullsize\"><img class=\"thumbnail\" title=\"Name:  00014.jpg&lt;br \/&gt;&lt;br \/&gt;&lt;br \/&gt;&lt;br \/&gt;&lt;br \/&gt;&lt;br \/&gt;&lt;br \/&gt;\nHits: 36&lt;br \/&gt;&lt;br \/&gt;&lt;br \/&gt;&lt;br \/&gt;&lt;br \/&gt;&lt;br \/&gt;&lt;br \/&gt;\nGr\u00f6\u00dfe:  56,8 KB\" src=\"http:\/\/www.wanderforum.de\/attachment.php?attachmentid=10144&amp;d=1420748866\" alt=\"Name:  00014.jpg&lt;br \/&gt;&lt;br \/&gt;&lt;br \/&gt;&lt;br \/&gt;&lt;br \/&gt;&lt;br \/&gt;&lt;br \/&gt;\nHits: 36&lt;br \/&gt;&lt;br \/&gt;&lt;br \/&gt;&lt;br \/&gt;&lt;br \/&gt;&lt;br \/&gt;&lt;br \/&gt;\nGr\u00f6\u00dfe:  56,8 KB\" border=\"0\" \/><\/div>\n<p>Endlich kamen wir aus dem Wald in der N\u00e4he der Oberen Kofleralm und eigentlich sollte es noch knapp 50 Minuten zu den Koflerseen sein.<\/p>\n<div class=\"size_fullsize\"><img class=\"thumbnail\" title=\"Name:  00017.jpg&lt;br \/&gt;&lt;br \/&gt;&lt;br \/&gt;&lt;br \/&gt;&lt;br \/&gt;&lt;br \/&gt;&lt;br \/&gt;\nHits: 34&lt;br \/&gt;&lt;br \/&gt;&lt;br \/&gt;&lt;br \/&gt;&lt;br \/&gt;&lt;br \/&gt;&lt;br \/&gt;\nGr\u00f6\u00dfe:  40,3 KB\" src=\"http:\/\/www.wanderforum.de\/attachment.php?attachmentid=10145&amp;d=1420748867\" alt=\"Name:  00017.jpg&lt;br \/&gt;&lt;br \/&gt;&lt;br \/&gt;&lt;br \/&gt;&lt;br \/&gt;&lt;br \/&gt;&lt;br \/&gt;\nHits: 34&lt;br \/&gt;&lt;br \/&gt;&lt;br \/&gt;&lt;br \/&gt;&lt;br \/&gt;&lt;br \/&gt;&lt;br \/&gt;\nGr\u00f6\u00dfe:  40,3 KB\" border=\"0\" \/><\/div>\n<p>Nach 10 Minuten dem Wind und Schneetreiben trotzen,<\/p>\n<div class=\"size_fullsize\"><img class=\"thumbnail\" title=\"Name:  00023.jpg&lt;br \/&gt;&lt;br \/&gt;&lt;br \/&gt;&lt;br \/&gt;&lt;br \/&gt;&lt;br \/&gt;&lt;br \/&gt;\nHits: 37&lt;br \/&gt;&lt;br \/&gt;&lt;br \/&gt;&lt;br \/&gt;&lt;br \/&gt;&lt;br \/&gt;&lt;br \/&gt;\nGr\u00f6\u00dfe:  47,4 KB\" src=\"http:\/\/www.wanderforum.de\/attachment.php?attachmentid=10147&amp;d=1420748869\" alt=\"Name:  00023.jpg&lt;br \/&gt;&lt;br \/&gt;&lt;br \/&gt;&lt;br \/&gt;&lt;br \/&gt;&lt;br \/&gt;&lt;br \/&gt;\nHits: 37&lt;br \/&gt;&lt;br \/&gt;&lt;br \/&gt;&lt;br \/&gt;&lt;br \/&gt;&lt;br \/&gt;&lt;br \/&gt;\nGr\u00f6\u00dfe:  47,4 KB\" border=\"0\" \/><\/div>\n<div class=\"size_fullsize\"><\/div>\n<p><!--more--><\/p>\n<p>haben wir uns an die Alm zur\u00fcckgezogen, eine Kleinigkeit,<\/p>\n<div class=\"size_fullsize\"><img class=\"thumbnail\" title=\"Name:  00025.jpg&lt;br \/&gt;&lt;br \/&gt;&lt;br \/&gt;&lt;br \/&gt;&lt;br \/&gt;&lt;br \/&gt;&lt;br \/&gt;\nHits: 40&lt;br \/&gt;&lt;br \/&gt;&lt;br \/&gt;&lt;br \/&gt;&lt;br \/&gt;&lt;br \/&gt;&lt;br \/&gt;\nGr\u00f6\u00dfe:  53,4 KB\" src=\"http:\/\/www.wanderforum.de\/attachment.php?attachmentid=10148&amp;d=1420748872\" alt=\"Name:  00025.jpg&lt;br \/&gt;&lt;br \/&gt;&lt;br \/&gt;&lt;br \/&gt;&lt;br \/&gt;&lt;br \/&gt;&lt;br \/&gt;\nHits: 40&lt;br \/&gt;&lt;br \/&gt;&lt;br \/&gt;&lt;br \/&gt;&lt;br \/&gt;&lt;br \/&gt;&lt;br \/&gt;\nGr\u00f6\u00dfe:  53,4 KB\" border=\"0\" \/><\/div>\n<p>M\u00fcsliriegel und Grappa, zu uns genommen und sind auf dem gleichen Weg wieder noch unten.<\/p>\n<p>Jetzt haben wir an der Stra\u00dfe die Schuhe ausgezogen und sind ohne Pause zur\u00fcck zum Auto. Ich hatte die Bef\u00fcrchtung, dass die Stra\u00dfe zuweht. Eine Bef\u00fcrchtung, die zwar berechtigt war, es gab kleine Verwehungen allerdings noch keine Probleme.<\/p>\n<p>&nbsp;<\/p>\n<p>4:35 Stunden mit Pausen, 9,5km, 643 H\u00f6henmeter, gr\u00f6sste H\u00f6he: 2228m<\/p>\n<p>Morgen auf die Piste und dann endlich Skitour&#8230;&#8230;<\/p>\n<p>Bis dann<br \/>\nMartin<\/p>\n<p>&nbsp;<\/p>\n<p>Weiter geht es dann <a href=\"https:\/\/wanderkid.eu\/?page_id=35\">hier<\/a><\/p>\n","protected":false},"excerpt":{"rendered":"<p>7:30 Aufstehen, Fr\u00fchst\u00fcck, Schneeschuhe besorgen (2 Paar 10\u20ac pro Tag) und zur\u00fcck nach Rein. Geparkt wird am Parkplatz zur Kuttenalm. Die &#8222;Stra\u00dfe&#8220; dahin hatte es in sich, kurz \u00fcber die <a href=\"https:\/\/wanderkid.eu\/?page_id=62\" class=\"more-link\">[&hellip;]<\/a><\/p>\n","protected":false},"author":1,"featured_media":0,"parent":27,"menu_order":1,"comment_status":"open","ping_status":"open","template":"","meta":{"Layout":""},"_links":{"self":[{"href":"https:\/\/wanderkid.eu\/index.php?rest_route=\/wp\/v2\/pages\/62"}],"collection":[{"href":"https:\/\/wanderkid.eu\/index.php?rest_route=\/wp\/v2\/pages"}],"about":[{"href":"https:\/\/wanderkid.eu\/index.php?rest_route=\/wp\/v2\/types\/page"}],"author":[{"embeddable":true,"href":"https:\/\/wanderkid.eu\/index.php?rest_route=\/wp\/v2\/users\/1"}],"replies":[{"embeddable":true,"href":"https:\/\/wanderkid.eu\/index.php?rest_route=%2Fwp%2Fv2%2Fcomments&post=62"}],"version-history":[{"count":4,"href":"https:\/\/wanderkid.eu\/index.php?rest_route=\/wp\/v2\/pages\/62\/revisions"}],"predecessor-version":[{"id":78,"href":"https:\/\/wanderkid.eu\/index.php?rest_route=\/wp\/v2\/pages\/62\/revisions\/78"}],"up":[{"embeddable":true,"href":"https:\/\/wanderkid.eu\/index.php?rest_route=\/wp\/v2\/pages\/27"}],"wp:attachment":[{"href":"https:\/\/wanderkid.eu\/index.php?rest_route=%2Fwp%2Fv2%2Fmedia&parent=62"}],"curies":[{"name":"wp","href":"https:\/\/api.w.org\/{rel}","templated":true}]}}